{"id":2,"date":"2021-05-10T13:43:53","date_gmt":"2021-05-10T11:43:53","guid":{"rendered":"http:\/\/localhost\/ndm-main\/?page_id=2"},"modified":"2022-09-23T11:56:58","modified_gmt":"2022-09-23T09:56:58","slug":"accueil","status":"publish","type":"page","link":"https:\/\/unlockndm.fr\/fr\/","title":{"rendered":"Accueil"},"content":{"rendered":"","protected":false},"excerpt":{"rendered":"","protected":false},"author":1,"featured_media":685,"parent":0,"menu_order":0,"comment_status":"closed","ping_status":"closed","template":"page-templates\/a-home.php","meta":{"inline_featured_image":false,"footnotes":""},"class_list":["post-2","page","type-page","status-publish","has-post-thumbnail","hentry"],"acf":[],"yoast_head":"<!-- This site is optimized with the Yoast SEO plugin v27.5 - https:\/\/yoast.com\/product\/yoast-seo-wordpress\/ -->\n<title>Portail UnlockNDM - Quelle est votre histoire avec la MND ?<\/title>\n<meta name=\"description\" content=\"Mieux comprendre comment se manifestent les sympt\u00f4mes associ\u00e9s \u00e0 la MND que ressentent les patients en partageant votre histoire. Ce site est destin\u00e9 aux utilisateurs de l&#039;UE uniquement.\" \/>\n<meta name=\"robots\" content=\"index, follow, max-snippet:-1, max-image-preview:large, max-video-preview:-1\" \/>\n<link rel=\"canonical\" href=\"https:\/\/unlockndm.fr\/fr\/\" \/>\n<meta property=\"og:locale\" content=\"fr_FR\" \/>\n<meta property=\"og:type\" content=\"article\" \/>\n<meta property=\"og:title\" content=\"Portail UnlockNDM - Quelle est votre histoire avec la MND ?\" \/>\n<meta property=\"og:description\" content=\"Mieux comprendre comment se manifestent les sympt\u00f4mes associ\u00e9s \u00e0 la MND que ressentent les patients en partageant votre histoire. Ce site est destin\u00e9 aux utilisateurs de l&#039;UE uniquement.\" \/>\n<meta property=\"og:url\" content=\"https:\/\/unlockndm.fr\/fr\/\" \/>\n<meta property=\"og:site_name\" content=\"Portail UnlockNDM\" \/>\n<meta property=\"article:modified_time\" content=\"2022-09-23T09:56:58+00:00\" \/>\n<meta property=\"og:image\" content=\"http:\/\/unlockndm.fr\/wp-content\/uploads\/2021\/06\/NDM_IMAGES_HAND-01.jpg\" \/>\n\t<meta property=\"og:image:width\" content=\"2501\" \/>\n\t<meta property=\"og:image:height\" content=\"1251\" \/>\n\t<meta property=\"og:image:type\" content=\"image\/jpeg\" \/>\n<meta name=\"twitter:card\" content=\"summary_large_image\" \/>\n<script type=\"application\/ld+json\" class=\"yoast-schema-graph\">{\"@context\":\"https:\\\/\\\/schema.org\",\"@graph\":[{\"@type\":\"WebPage\",\"@id\":\"http:\\\/\\\/unlockndm.fr\\\/\",\"url\":\"http:\\\/\\\/unlockndm.fr\\\/\",\"name\":\"Portail UnlockNDM - Quelle est votre histoire avec la MND ?\",\"isPartOf\":{\"@id\":\"http:\\\/\\\/unlockndm.fr\\\/#website\"},\"primaryImageOfPage\":{\"@id\":\"http:\\\/\\\/unlockndm.fr\\\/#primaryimage\"},\"image\":{\"@id\":\"http:\\\/\\\/unlockndm.fr\\\/#primaryimage\"},\"thumbnailUrl\":\"https:\\\/\\\/unlockndm.fr\\\/wp-content\\\/uploads\\\/2021\\\/06\\\/NDM_IMAGES_HAND-01.jpg\",\"datePublished\":\"2021-05-10T11:43:53+00:00\",\"dateModified\":\"2022-09-23T09:56:58+00:00\",\"description\":\"Mieux comprendre comment se manifestent les sympt\u00f4mes associ\u00e9s \u00e0 la MND que ressentent les patients en partageant votre histoire. Ce site est destin\u00e9 aux utilisateurs de l'UE uniquement.\",\"breadcrumb\":{\"@id\":\"http:\\\/\\\/unlockndm.fr\\\/#breadcrumb\"},\"inLanguage\":\"fr-FR\",\"potentialAction\":[{\"@type\":\"ReadAction\",\"target\":[\"http:\\\/\\\/unlockndm.fr\\\/\"]}]},{\"@type\":\"ImageObject\",\"inLanguage\":\"fr-FR\",\"@id\":\"http:\\\/\\\/unlockndm.fr\\\/#primaryimage\",\"url\":\"https:\\\/\\\/unlockndm.fr\\\/wp-content\\\/uploads\\\/2021\\\/06\\\/NDM_IMAGES_HAND-01.jpg\",\"contentUrl\":\"https:\\\/\\\/unlockndm.fr\\\/wp-content\\\/uploads\\\/2021\\\/06\\\/NDM_IMAGES_HAND-01.jpg\",\"width\":2501,\"height\":1251},{\"@type\":\"BreadcrumbList\",\"@id\":\"http:\\\/\\\/unlockndm.fr\\\/#breadcrumb\",\"itemListElement\":[{\"@type\":\"ListItem\",\"position\":1,\"name\":\"Home\",\"item\":\"http:\\\/\\\/unlockndm.fr\\\/\"},{\"@type\":\"ListItem\",\"position\":2,\"name\":\"Accueil\"}]},{\"@type\":\"WebSite\",\"@id\":\"http:\\\/\\\/unlockndm.fr\\\/#website\",\"url\":\"http:\\\/\\\/unlockndm.fr\\\/\",\"name\":\"Portail UnlockNDM\",\"description\":\"Quelle est votre histoire avec la MND ?\",\"publisher\":{\"@id\":\"http:\\\/\\\/unlockndm.fr\\\/#organization\"},\"potentialAction\":[{\"@type\":\"SearchAction\",\"target\":{\"@type\":\"EntryPoint\",\"urlTemplate\":\"http:\\\/\\\/unlockndm.fr\\\/?s={search_term_string}\"},\"query-input\":{\"@type\":\"PropertyValueSpecification\",\"valueRequired\":true,\"valueName\":\"search_term_string\"}}],\"inLanguage\":\"fr-FR\"},{\"@type\":\"Organization\",\"@id\":\"http:\\\/\\\/unlockndm.fr\\\/#organization\",\"name\":\"Unlock NDM\",\"url\":\"http:\\\/\\\/unlockndm.fr\\\/\",\"logo\":{\"@type\":\"ImageObject\",\"inLanguage\":\"fr-FR\",\"@id\":\"http:\\\/\\\/unlockndm.fr\\\/#\\\/schema\\\/logo\\\/image\\\/\",\"url\":\"http:\\\/\\\/unlockndm.fr\\\/wp-content\\\/uploads\\\/2021\\\/05\\\/NDM-logo-header.svg\",\"contentUrl\":\"http:\\\/\\\/unlockndm.fr\\\/wp-content\\\/uploads\\\/2021\\\/05\\\/NDM-logo-header.svg\",\"width\":103,\"height\":65,\"caption\":\"Unlock NDM\"},\"image\":{\"@id\":\"http:\\\/\\\/unlockndm.fr\\\/#\\\/schema\\\/logo\\\/image\\\/\"}}]}<\/script>\n<!-- \/ Yoast SEO plugin. -->","yoast_head_json":{"title":"Portail UnlockNDM - Quelle est votre histoire avec la MND ?","description":"Mieux comprendre comment se manifestent les sympt\u00f4mes associ\u00e9s \u00e0 la MND que ressentent les patients en partageant votre histoire. Ce site est destin\u00e9 aux utilisateurs de l'UE uniquement.","robots":{"index":"index","follow":"follow","max-snippet":"max-snippet:-1","max-image-preview":"max-image-preview:large","max-video-preview":"max-video-preview:-1"},"canonical":"https:\/\/unlockndm.fr\/fr\/","og_locale":"fr_FR","og_type":"article","og_title":"Portail UnlockNDM - Quelle est votre histoire avec la MND ?","og_description":"Mieux comprendre comment se manifestent les sympt\u00f4mes associ\u00e9s \u00e0 la MND que ressentent les patients en partageant votre histoire. Ce site est destin\u00e9 aux utilisateurs de l'UE uniquement.","og_url":"https:\/\/unlockndm.fr\/fr\/","og_site_name":"Portail UnlockNDM","article_modified_time":"2022-09-23T09:56:58+00:00","og_image":[{"width":2501,"height":1251,"url":"http:\/\/unlockndm.fr\/wp-content\/uploads\/2021\/06\/NDM_IMAGES_HAND-01.jpg","type":"image\/jpeg"}],"twitter_card":"summary_large_image","schema":{"@context":"https:\/\/schema.org","@graph":[{"@type":"WebPage","@id":"http:\/\/unlockndm.fr\/","url":"http:\/\/unlockndm.fr\/","name":"Portail UnlockNDM - Quelle est votre histoire avec la MND ?","isPartOf":{"@id":"http:\/\/unlockndm.fr\/#website"},"primaryImageOfPage":{"@id":"http:\/\/unlockndm.fr\/#primaryimage"},"image":{"@id":"http:\/\/unlockndm.fr\/#primaryimage"},"thumbnailUrl":"https:\/\/unlockndm.fr\/wp-content\/uploads\/2021\/06\/NDM_IMAGES_HAND-01.jpg","datePublished":"2021-05-10T11:43:53+00:00","dateModified":"2022-09-23T09:56:58+00:00","description":"Mieux comprendre comment se manifestent les sympt\u00f4mes associ\u00e9s \u00e0 la MND que ressentent les patients en partageant votre histoire. Ce site est destin\u00e9 aux utilisateurs de l'UE uniquement.","breadcrumb":{"@id":"http:\/\/unlockndm.fr\/#breadcrumb"},"inLanguage":"fr-FR","potentialAction":[{"@type":"ReadAction","target":["http:\/\/unlockndm.fr\/"]}]},{"@type":"ImageObject","inLanguage":"fr-FR","@id":"http:\/\/unlockndm.fr\/#primaryimage","url":"https:\/\/unlockndm.fr\/wp-content\/uploads\/2021\/06\/NDM_IMAGES_HAND-01.jpg","contentUrl":"https:\/\/unlockndm.fr\/wp-content\/uploads\/2021\/06\/NDM_IMAGES_HAND-01.jpg","width":2501,"height":1251},{"@type":"BreadcrumbList","@id":"http:\/\/unlockndm.fr\/#breadcrumb","itemListElement":[{"@type":"ListItem","position":1,"name":"Home","item":"http:\/\/unlockndm.fr\/"},{"@type":"ListItem","position":2,"name":"Accueil"}]},{"@type":"WebSite","@id":"http:\/\/unlockndm.fr\/#website","url":"http:\/\/unlockndm.fr\/","name":"Portail UnlockNDM","description":"Quelle est votre histoire avec la MND ?","publisher":{"@id":"http:\/\/unlockndm.fr\/#organization"},"potentialAction":[{"@type":"SearchAction","target":{"@type":"EntryPoint","urlTemplate":"http:\/\/unlockndm.fr\/?s={search_term_string}"},"query-input":{"@type":"PropertyValueSpecification","valueRequired":true,"valueName":"search_term_string"}}],"inLanguage":"fr-FR"},{"@type":"Organization","@id":"http:\/\/unlockndm.fr\/#organization","name":"Unlock NDM","url":"http:\/\/unlockndm.fr\/","logo":{"@type":"ImageObject","inLanguage":"fr-FR","@id":"http:\/\/unlockndm.fr\/#\/schema\/logo\/image\/","url":"http:\/\/unlockndm.fr\/wp-content\/uploads\/2021\/05\/NDM-logo-header.svg","contentUrl":"http:\/\/unlockndm.fr\/wp-content\/uploads\/2021\/05\/NDM-logo-header.svg","width":103,"height":65,"caption":"Unlock NDM"},"image":{"@id":"http:\/\/unlockndm.fr\/#\/schema\/logo\/image\/"}}]}},"_links":{"self":[{"href":"https:\/\/unlockndm.fr\/fr\/wp-json\/wp\/v2\/pages\/2","targetHints":{"allow":["GET"]}}],"collection":[{"href":"https:\/\/unlockndm.fr\/fr\/wp-json\/wp\/v2\/pages"}],"about":[{"href":"https:\/\/unlockndm.fr\/fr\/wp-json\/wp\/v2\/types\/page"}],"author":[{"embeddable":true,"href":"https:\/\/unlockndm.fr\/fr\/wp-json\/wp\/v2\/users\/1"}],"replies":[{"embeddable":true,"href":"https:\/\/unlockndm.fr\/fr\/wp-json\/wp\/v2\/comments?post=2"}],"version-history":[{"count":80,"href":"https:\/\/unlockndm.fr\/fr\/wp-json\/wp\/v2\/pages\/2\/revisions"}],"predecessor-version":[{"id":1340,"href":"https:\/\/unlockndm.fr\/fr\/wp-json\/wp\/v2\/pages\/2\/revisions\/1340"}],"wp:featuredmedia":[{"embeddable":true,"href":"https:\/\/unlockndm.fr\/fr\/wp-json\/wp\/v2\/media\/685"}],"wp:attachment":[{"href":"https:\/\/unlockndm.fr\/fr\/wp-json\/wp\/v2\/media?parent=2"}],"curies":[{"name":"wp","href":"https:\/\/api.w.org\/{rel}","templated":true}]}}